{"id":2,"date":"2025-07-10T15:22:06","date_gmt":"2025-07-10T13:22:06","guid":{"rendered":"http:\/\/coolzoneklima.hu\/?page_id=2"},"modified":"2025-08-20T14:07:36","modified_gmt":"2025-08-20T12:07:36","slug":"ez-egy-minta-oldal","status":"publish","type":"page","link":"https:\/\/coolzoneklima.hu\/","title":{"rendered":""},"content":{"rendered":"\n<p class=\"animated bounceInLeft\"><\/p>\n\n\n\n<figure class=\"wp-block-image size-large\"><img loading=\"lazy\" decoding=\"async\" width=\"1019\" height=\"1024\" src=\"https:\/\/coolzoneklima.hu\/wp-content\/uploads\/2025\/07\/CSG56512-1019x1024.jpg\" alt=\"\" class=\"wp-image-82\" srcset=\"https:\/\/coolzoneklima.hu\/wp-content\/uploads\/2025\/07\/CSG56512-1019x1024.jpg 1019w, https:\/\/coolzoneklima.hu\/wp-content\/uploads\/2025\/07\/CSG56512-300x300.jpg 300w, https:\/\/coolzoneklima.hu\/wp-content\/uploads\/2025\/07\/CSG56512-150x150.jpg 150w, https:\/\/coolzoneklima.hu\/wp-content\/uploads\/2025\/07\/CSG56512-768x772.jpg 768w, https:\/\/coolzoneklima.hu\/wp-content\/uploads\/2025\/07\/CSG56512-1529x1536.jpg 1529w, https:\/\/coolzoneklima.hu\/wp-content\/uploads\/2025\/07\/CSG56512-2038x2048.jpg 2038w, https:\/\/coolzoneklima.hu\/wp-content\/uploads\/2025\/07\/CSG56512-960x964.jpg 960w\" sizes=\"auto, (max-width: 1019px) 100vw, 1019px\" \/><\/figure>\n\n\n\n<div id=\"wp-block-themeisle-blocks-advanced-columns-02d86e0d\" class=\"wp-block-themeisle-blocks-advanced-columns alignfull has-1-columns has-desktop-equal-layout has-tablet-equal-layout has-mobile-collapsedRows-layout has-vertical-center ticss-c00aadba\"><div class=\"wp-block-themeisle-blocks-advanced-columns-overlay\"><\/div><div class=\"innerblocks-wrap\">\n<div id=\"wp-block-themeisle-blocks-advanced-column-853c0cd5\" class=\"wp-block-themeisle-blocks-advanced-column\">\n<h2 id=\"wp-block-themeisle-blocks-advanced-heading-15dd99e6\" class=\"wp-block-themeisle-blocks-advanced-heading wp-block-themeisle-blocks-advanced-heading-15dd99e6  o-typing-slower\"><strong><o-anim-typing>K<\/o-anim-typing>l\u00edma telep\u00edt\u00e9s, karbantart\u00e1s \u00e9s tiszt\u00edt\u00e1s Tatab\u00e1nya 50km-es k\u00f6rzet\u00e9ben<\/strong><\/h2>\n\n\n\n<p id=\"wp-block-themeisle-blocks-advanced-heading-0d3c3162\" class=\"wp-block-themeisle-blocks-advanced-heading wp-block-themeisle-blocks-advanced-heading-0d3c3162\"><\/p>\n\n\n\n<figure class=\"wp-block-image size-large\"><img loading=\"lazy\" decoding=\"async\" width=\"1024\" height=\"768\" src=\"https:\/\/coolzoneklima.hu\/wp-content\/uploads\/2025\/07\/CSG55884-1024x768.jpg\" alt=\"\" class=\"wp-image-141\" srcset=\"https:\/\/coolzoneklima.hu\/wp-content\/uploads\/2025\/07\/CSG55884-1024x768.jpg 1024w, https:\/\/coolzoneklima.hu\/wp-content\/uploads\/2025\/07\/CSG55884-768x576.jpg 768w, https:\/\/coolzoneklima.hu\/wp-content\/uploads\/2025\/07\/CSG55884-1536x1152.jpg 1536w, https:\/\/coolzoneklima.hu\/wp-content\/uploads\/2025\/07\/CSG55884-2048x1536.jpg 2048w, https:\/\/coolzoneklima.hu\/wp-content\/uploads\/2025\/07\/CSG55884-960x720.jpg 960w\" sizes=\"auto, (max-width: 1024px) 100vw, 1024px\" \/><\/figure>\n<\/div>\n<\/div><\/div>\n\n\n\n<p><\/p>\n\n\n\n<figure class=\"wp-block-gallery has-nested-images columns-default is-cropped wp-block-gallery-1 is-layout-flex wp-block-gallery-is-layout-flex\"><\/figure>\n","protected":false},"excerpt":{"rendered":"","protected":false},"author":1,"featured_media":210,"parent":0,"menu_order":0,"comment_status":"closed","ping_status":"open","template":"","meta":{"_acf_changed":false,"_themeisle_gutenberg_block_has_review":false,"footnotes":""},"class_list":["post-2","page","type-page","status-publish","has-post-thumbnail","hentry"],"acf":[],"jetpack_sharing_enabled":true,"_links":{"self":[{"href":"https:\/\/coolzoneklima.hu\/index.php?rest_route=\/wp\/v2\/pages\/2","targetHints":{"allow":["GET"]}}],"collection":[{"href":"https:\/\/coolzoneklima.hu\/index.php?rest_route=\/wp\/v2\/pages"}],"about":[{"href":"https:\/\/coolzoneklima.hu\/index.php?rest_route=\/wp\/v2\/types\/page"}],"author":[{"embeddable":true,"href":"https:\/\/coolzoneklima.hu\/index.php?rest_route=\/wp\/v2\/users\/1"}],"replies":[{"embeddable":true,"href":"https:\/\/coolzoneklima.hu\/index.php?rest_route=%2Fwp%2Fv2%2Fcomments&post=2"}],"version-history":[{"count":7,"href":"https:\/\/coolzoneklima.hu\/index.php?rest_route=\/wp\/v2\/pages\/2\/revisions"}],"predecessor-version":[{"id":231,"href":"https:\/\/coolzoneklima.hu\/index.php?rest_route=\/wp\/v2\/pages\/2\/revisions\/231"}],"wp:featuredmedia":[{"embeddable":true,"href":"https:\/\/coolzoneklima.hu\/index.php?rest_route=\/wp\/v2\/media\/210"}],"wp:attachment":[{"href":"https:\/\/coolzoneklima.hu\/index.php?rest_route=%2Fwp%2Fv2%2Fmedia&parent=2"}],"curies":[{"name":"wp","href":"https:\/\/api.w.org\/{rel}","templated":true}]}}